{"id":463,"date":"2023-04-25T10:43:12","date_gmt":"2023-04-25T13:43:12","guid":{"rendered":"https:\/\/gigliotticorp.com.br\/consorcio\/?page_id=463"},"modified":"2023-04-26T00:57:55","modified_gmt":"2023-04-26T03:57:55","slug":"quem-somos","status":"publish","type":"page","link":"https:\/\/gigliotticorp.com.br\/consorcio\/?page_id=463","title":{"rendered":"Quem somos"},"content":{"rendered":"\t\t<div data-elementor-type=\"wp-page\" data-elementor-id=\"463\" class=\"elementor elementor-463\" data-elementor-post-type=\"page\">\n\t\t\t\t\t\t<section class=\"elementor-section elementor-top-section elementor-element elementor-element-5afa933 elementor-section-boxed elementor-section-height-default elementor-section-height-default\" data-id=\"5afa933\" data-element_type=\"section\" data-e-type=\"section\">\n\t\t\t\t\t\t<div class=\"elementor-container elementor-column-gap-default\">\n\t\t\t\t\t<div class=\"elementor-column elementor-col-100 elementor-top-column elementor-element elementor-element-12da288\" data-id=\"12da288\" data-element_type=\"column\" data-e-type=\"column\">\n\t\t\t<div class=\"elementor-widget-wrap elementor-element-populated\">\n\t\t\t\t\t\t<div class=\"elementor-element elementor-element-a76d5dc elementor-widget elementor-widget-heading\" data-id=\"a76d5dc\" data-element_type=\"widget\" data-e-type=\"widget\" data-widget_type=\"heading.default\">\n\t\t\t\t<div class=\"elementor-widget-container\">\n\t\t\t\t\t<h2 class=\"elementor-heading-title elementor-size-large\">A L&amp;G Invest Cred<\/h2>\t\t\t\t<\/div>\n\t\t\t\t<\/div>\n\t\t\t\t<div class=\"elementor-element elementor-element-2c1bd15 elementor-arrows-position-inside elementor-pagination-position-outside elementor-widget elementor-widget-image-carousel\" data-id=\"2c1bd15\" data-element_type=\"widget\" data-e-type=\"widget\" data-settings=\"{&quot;slides_to_show&quot;:&quot;2&quot;,&quot;image_spacing_custom&quot;:{&quot;unit&quot;:&quot;px&quot;,&quot;size&quot;:5,&quot;sizes&quot;:[]},&quot;navigation&quot;:&quot;both&quot;,&quot;autoplay&quot;:&quot;yes&quot;,&quot;pause_on_hover&quot;:&quot;yes&quot;,&quot;pause_on_interaction&quot;:&quot;yes&quot;,&quot;autoplay_speed&quot;:5000,&quot;infinite&quot;:&quot;yes&quot;,&quot;speed&quot;:500,&quot;image_spacing_custom_tablet&quot;:{&quot;unit&quot;:&quot;px&quot;,&quot;size&quot;:&quot;&quot;,&quot;sizes&quot;:[]},&quot;image_spacing_custom_mobile&quot;:{&quot;unit&quot;:&quot;px&quot;,&quot;size&quot;:&quot;&quot;,&quot;sizes&quot;:[]}}\" data-widget_type=\"image-carousel.default\">\n\t\t\t\t<div class=\"elementor-widget-container\">\n\t\t\t\t\t\t\t<div class=\"elementor-image-carousel-wrapper swiper\" role=\"region\" aria-roledescription=\"carousel\" aria-label=\"Carrossel de imagens\" dir=\"ltr\">\n\t\t\t<div class=\"elementor-image-carousel swiper-wrapper\" aria-live=\"off\">\n\t\t\t\t\t\t\t\t<div class=\"swiper-slide\" role=\"group\" aria-roledescription=\"slide\" aria-label=\"1 de 4\"><figure class=\"swiper-slide-inner\"><img decoding=\"async\" class=\"swiper-slide-image\" src=\"https:\/\/gigliotticorp.com.br\/consorcio\/wp-content\/uploads\/2023\/04\/espaco-interno_Prancheta-1-768x517.jpg\" alt=\"espa\u00e7o interno_Prancheta 1\" \/><\/figure><\/div><div class=\"swiper-slide\" role=\"group\" aria-roledescription=\"slide\" aria-label=\"2 de 4\"><figure class=\"swiper-slide-inner\"><img decoding=\"async\" class=\"swiper-slide-image\" src=\"https:\/\/gigliotticorp.com.br\/consorcio\/wp-content\/uploads\/2023\/04\/IMG-20170726-WA0094-768x517.jpg\" alt=\"IMG-20170726-WA0094\" \/><\/figure><\/div><div class=\"swiper-slide\" role=\"group\" aria-roledescription=\"slide\" aria-label=\"3 de 4\"><figure class=\"swiper-slide-inner\"><img decoding=\"async\" class=\"swiper-slide-image\" src=\"https:\/\/gigliotticorp.com.br\/consorcio\/wp-content\/uploads\/2023\/04\/IMG-20170726-WA0095-768x517.jpg\" alt=\"IMG-20170726-WA0095\" \/><\/figure><\/div><div class=\"swiper-slide\" role=\"group\" aria-roledescription=\"slide\" aria-label=\"4 de 4\"><figure class=\"swiper-slide-inner\"><img decoding=\"async\" class=\"swiper-slide-image\" src=\"https:\/\/gigliotticorp.com.br\/consorcio\/wp-content\/uploads\/2023\/04\/IMG-20170726-WA0097-768x517.jpg\" alt=\"IMG-20170726-WA0097\" \/><\/figure><\/div>\t\t\t<\/div>\n\t\t\t\t\t\t\t\t\t\t\t\t<div class=\"elementor-swiper-button elementor-swiper-button-prev\" role=\"button\" tabindex=\"0\">\n\t\t\t\t\t\t<i aria-hidden=\"true\" class=\"eicon-chevron-left\"><\/i>\t\t\t\t\t<\/div>\n\t\t\t\t\t<div class=\"elementor-swiper-button elementor-swiper-button-next\" role=\"button\" tabindex=\"0\">\n\t\t\t\t\t\t<i aria-hidden=\"true\" class=\"eicon-chevron-right\"><\/i>\t\t\t\t\t<\/div>\n\t\t\t\t\n\t\t\t\t\t\t\t\t\t<div class=\"swiper-pagination\"><\/div>\n\t\t\t\t\t\t\t\t\t<\/div>\n\t\t\t\t\t\t<\/div>\n\t\t\t\t<\/div>\n\t\t\t\t<div class=\"elementor-element elementor-element-a787fde elementor-widget elementor-widget-text-editor\" data-id=\"a787fde\" data-element_type=\"widget\" data-e-type=\"widget\" data-widget_type=\"text-editor.default\">\n\t\t\t\t<div class=\"elementor-widget-container\">\n\t\t\t\t\t\t\t\t\t<p>Fundada em 2019, a empresa <strong>L&amp;G Invest Cred Solu\u00e7\u00f5es Financeiras<\/strong>, atua no setor de <strong>cr\u00e9dito atrav\u00e9s de cartas de cons\u00f3rcio<\/strong> representando uma das maiores administradoras do pa\u00eds, o Cons\u00f3rcio Nacional Recon. Uma parceria exclusiva que busca manter a <strong>transpar\u00eancia e credibilidade que a Recon<\/strong> adquiriu ao longo de seus 33 anos de mercado no setor.<\/p><p><strong>A partir de 2020 come\u00e7ou a atuar nacionalmente<\/strong>, comercializando al\u00e9m de cotas de autom\u00f3veis e motocicletas tamb\u00e9m cotas de im\u00f3veis, caminh\u00f5es e servi\u00e7os e outras categorias.<\/p><p>Gerida pelos s\u00f3cios <strong>Gabriel N. Souza<\/strong> &#8211; S\u00f3cio-Fundador e <strong>Luana Costa De Souza<\/strong> &#8211; Diretora Comercial, totalizam uma<strong> experi\u00eancia de mais de 10 anos<\/strong> no segmento de cons\u00f3rcios.<\/p><p><strong>S\u00e3o mais de R$ 12.000.000,00 de cr\u00e9ditos entregues<\/strong> afim de aquisi\u00e7\u00e3o de bens m\u00f3veis e im\u00f3vel e uma trajet\u00f3ria de sucesso e credibilidade com o seu clientes\u00a0e\u00a0parceiros.<\/p>\t\t\t\t\t\t\t\t<\/div>\n\t\t\t\t<\/div>\n\t\t\t\t<section class=\"elementor-section elementor-inner-section elementor-element elementor-element-da01fc9 elementor-section-full_width elementor-section-height-default elementor-section-height-default\" data-id=\"da01fc9\" data-element_type=\"section\" data-e-type=\"section\">\n\t\t\t\t\t\t<div class=\"elementor-container elementor-column-gap-default\">\n\t\t\t\t\t<div class=\"elementor-column elementor-col-33 elementor-inner-column elementor-element elementor-element-e80979b\" data-id=\"e80979b\" data-element_type=\"column\" data-e-type=\"column\">\n\t\t\t<div class=\"elementor-widget-wrap elementor-element-populated\">\n\t\t\t\t\t\t<div class=\"elementor-element elementor-element-a6732a3 elementor-view-default elementor-position-block-start elementor-mobile-position-block-start elementor-widget elementor-widget-icon-box\" data-id=\"a6732a3\" data-element_type=\"widget\" data-e-type=\"widget\" data-widget_type=\"icon-box.default\">\n\t\t\t\t<div class=\"elementor-widget-container\">\n\t\t\t\t\t\t\t<div class=\"elementor-icon-box-wrapper\">\n\n\t\t\t\t\t\t<div class=\"elementor-icon-box-icon\">\n\t\t\t\t<span  class=\"elementor-icon\">\n\t\t\t\t<i aria-hidden=\"true\" class=\"far fa-star\"><\/i>\t\t\t\t<\/span>\n\t\t\t<\/div>\n\t\t\t\n\t\t\t\t\t\t<div class=\"elementor-icon-box-content\">\n\n\t\t\t\t\t\t\t\t\t<h3 class=\"elementor-icon-box-title\">\n\t\t\t\t\t\t<span  >\n\t\t\t\t\t\t\tMiss\u00e3o\t\t\t\t\t\t<\/span>\n\t\t\t\t\t<\/h3>\n\t\t\t\t\n\t\t\t\t\t\t\t\t\t<p class=\"elementor-icon-box-description\">\n\t\t\t\t\t\tBuscamos sempre a satisfa\u00e7\u00e3o de nossos clientes e futuros clientes atrav\u00e9s de um atendimento exclusivo, criando condi\u00e7\u00f5es para a realiza\u00e7\u00e3o de seus sonhos viando a contempla\u00e7\u00e3o, custo benef\u00edcio e satisfa\u00e7\u00e3o do mesmo.\t\t\t\t\t<\/p>\n\t\t\t\t\n\t\t\t<\/div>\n\t\t\t\n\t\t<\/div>\n\t\t\t\t\t\t<\/div>\n\t\t\t\t<\/div>\n\t\t\t\t\t<\/div>\n\t\t<\/div>\n\t\t\t\t<div class=\"elementor-column elementor-col-33 elementor-inner-column elementor-element elementor-element-1178ad8\" data-id=\"1178ad8\" data-element_type=\"column\" data-e-type=\"column\">\n\t\t\t<div class=\"elementor-widget-wrap elementor-element-populated\">\n\t\t\t\t\t\t<div class=\"elementor-element elementor-element-6816adf elementor-view-default elementor-position-block-start elementor-mobile-position-block-start elementor-widget elementor-widget-icon-box\" data-id=\"6816adf\" data-element_type=\"widget\" data-e-type=\"widget\" data-widget_type=\"icon-box.default\">\n\t\t\t\t<div class=\"elementor-widget-container\">\n\t\t\t\t\t\t\t<div class=\"elementor-icon-box-wrapper\">\n\n\t\t\t\t\t\t<div class=\"elementor-icon-box-icon\">\n\t\t\t\t<span  class=\"elementor-icon\">\n\t\t\t\t<i aria-hidden=\"true\" class=\"fas fa-eye\"><\/i>\t\t\t\t<\/span>\n\t\t\t<\/div>\n\t\t\t\n\t\t\t\t\t\t<div class=\"elementor-icon-box-content\">\n\n\t\t\t\t\t\t\t\t\t<h3 class=\"elementor-icon-box-title\">\n\t\t\t\t\t\t<span  >\n\t\t\t\t\t\t\tVis\u00e3o\t\t\t\t\t\t<\/span>\n\t\t\t\t\t<\/h3>\n\t\t\t\t\n\t\t\t\t\t\t\t\t\t<p class=\"elementor-icon-box-description\">\n\t\t\t\t\t\tSer a maior e exclusiva refer\u00eancia quando o assunto se tratar de realizar o sonho de nossos clientes.\t\t\t\t\t<\/p>\n\t\t\t\t\n\t\t\t<\/div>\n\t\t\t\n\t\t<\/div>\n\t\t\t\t\t\t<\/div>\n\t\t\t\t<\/div>\n\t\t\t\t\t<\/div>\n\t\t<\/div>\n\t\t\t\t<div class=\"elementor-column elementor-col-33 elementor-inner-column elementor-element elementor-element-51a432d\" data-id=\"51a432d\" data-element_type=\"column\" data-e-type=\"column\">\n\t\t\t<div class=\"elementor-widget-wrap elementor-element-populated\">\n\t\t\t\t\t\t<div class=\"elementor-element elementor-element-06f4370 elementor-view-default elementor-position-block-start elementor-mobile-position-block-start elementor-widget elementor-widget-icon-box\" data-id=\"06f4370\" data-element_type=\"widget\" data-e-type=\"widget\" data-widget_type=\"icon-box.default\">\n\t\t\t\t<div class=\"elementor-widget-container\">\n\t\t\t\t\t\t\t<div class=\"elementor-icon-box-wrapper\">\n\n\t\t\t\t\t\t<div class=\"elementor-icon-box-icon\">\n\t\t\t\t<span  class=\"elementor-icon\">\n\t\t\t\t<i aria-hidden=\"true\" class=\"fas fa-hands\"><\/i>\t\t\t\t<\/span>\n\t\t\t<\/div>\n\t\t\t\n\t\t\t\t\t\t<div class=\"elementor-icon-box-content\">\n\n\t\t\t\t\t\t\t\t\t<h3 class=\"elementor-icon-box-title\">\n\t\t\t\t\t\t<span  >\n\t\t\t\t\t\t\tValores\t\t\t\t\t\t<\/span>\n\t\t\t\t\t<\/h3>\n\t\t\t\t\n\t\t\t\t\t\t\t\t\t<p class=\"elementor-icon-box-description\">\n\t\t\t\t\t\tSempre agir dentro dos mais altos padr\u00f5es \u00e9ticos com responsabilidade em um relacionamento de confian\u00e7a e seguran\u00e7a.\t\t\t\t\t<\/p>\n\t\t\t\t\n\t\t\t<\/div>\n\t\t\t\n\t\t<\/div>\n\t\t\t\t\t\t<\/div>\n\t\t\t\t<\/div>\n\t\t\t\t\t<\/div>\n\t\t<\/div>\n\t\t\t\t\t<\/div>\n\t\t<\/section>\n\t\t\t\t<section class=\"elementor-section elementor-inner-section elementor-element elementor-element-2eab517 elementor-section-full_width elementor-section-height-default elementor-section-height-default\" data-id=\"2eab517\" data-element_type=\"section\" data-e-type=\"section\">\n\t\t\t\t\t\t<div class=\"elementor-container elementor-column-gap-default\">\n\t\t\t\t\t<div class=\"elementor-column elementor-col-100 elementor-inner-column elementor-element elementor-element-7177c84\" data-id=\"7177c84\" data-element_type=\"column\" data-e-type=\"column\">\n\t\t\t<div class=\"elementor-widget-wrap elementor-element-populated\">\n\t\t\t\t\t\t<div class=\"elementor-element elementor-element-b29db7b elementor-widget elementor-widget-heading\" data-id=\"b29db7b\" data-element_type=\"widget\" data-e-type=\"widget\" data-widget_type=\"heading.default\">\n\t\t\t\t<div class=\"elementor-widget-container\">\n\t\t\t\t\t<h5 class=\"elementor-heading-title elementor-size-default\">Localiza\u00e7\u00e3o<\/h5>\t\t\t\t<\/div>\n\t\t\t\t<\/div>\n\t\t\t\t<div class=\"elementor-element elementor-element-ab404d2 elementor-widget elementor-widget-google_maps\" data-id=\"ab404d2\" data-element_type=\"widget\" data-e-type=\"widget\" data-widget_type=\"google_maps.default\">\n\t\t\t\t<div class=\"elementor-widget-container\">\n\t\t\t\t\t\t\t<div class=\"elementor-custom-embed\">\n\t\t\t<iframe loading=\"lazy\"\n\t\t\t\t\tsrc=\"https:\/\/maps.google.com\/maps?q=Rua%20Nove%20de%20Julho%20n%C2%BA%201220%2C%20Mar%C3%ADlia%2C%20S%C3%A3o%20Paulo%2C%20Brasil%2C%2017500-903&#038;t=m&#038;z=16&#038;output=embed&#038;iwloc=near\"\n\t\t\t\t\ttitle=\"Rua Nove de Julho n\u00ba 1220, Mar\u00edlia, S\u00e3o Paulo, Brasil, 17500-903\"\n\t\t\t\t\taria-label=\"Rua Nove de Julho n\u00ba 1220, Mar\u00edlia, S\u00e3o Paulo, Brasil, 17500-903\"\n\t\t\t><\/iframe>\n\t\t<\/div>\n\t\t\t\t\t\t<\/div>\n\t\t\t\t<\/div>\n\t\t\t\t\t<\/div>\n\t\t<\/div>\n\t\t\t\t\t<\/div>\n\t\t<\/section>\n\t\t\t\t\t<\/div>\n\t\t<\/div>\n\t\t\t\t\t<\/div>\n\t\t<\/section>\n\t\t\t\t<\/div>\n\t\t","protected":false},"excerpt":{"rendered":"<p>A L&#038;G Invest Cred Anterior Pr\u00f3ximo Fundada em 2019, a empresa L&amp;G Invest Cred Solu\u00e7\u00f5es Financeiras, atua no setor de cr\u00e9dito atrav\u00e9s de cartas de cons\u00f3rcio representando uma das maiores administradoras do pa\u00eds, o Cons\u00f3rcio Nacional Recon. Uma parceria exclusiva que busca manter a transpar\u00eancia e credibilidade que a Recon adquiriu ao longo de seus [&hellip;]<\/p>\n","protected":false},"author":1,"featured_media":0,"parent":0,"menu_order":0,"comment_status":"closed","ping_status":"closed","template":"","meta":{"_eb_attr":"","content-type":"","_monsterinsights_skip_tracking":false,"_monsterinsights_sitenote_active":false,"_monsterinsights_sitenote_note":"","_monsterinsights_sitenote_category":0,"_joinchat":[],"footnotes":""},"class_list":["post-463","page","type-page","status-publish","hentry"],"aioseo_notices":[],"yoast_head":"<!-- This site is optimized with the Yoast SEO plugin v27.5 - https:\/\/yoast.com\/product\/yoast-seo-wordpress\/ -->\n<title>Quem somos - Gigliotti Corp - Neg\u00f3cios &amp; Finan\u00e7as<\/title>\n<meta name=\"robots\" content=\"index, follow, max-snippet:-1, max-image-preview:large, max-video-preview:-1\" \/>\n<link rel=\"canonical\" href=\"https:\/\/gigliotticorp.com.br\/consorcio\/?page_id=463\" \/>\n<meta property=\"og:locale\" content=\"pt_BR\" \/>\n<meta property=\"og:type\" content=\"article\" \/>\n<meta property=\"og:title\" content=\"Quem somos - Gigliotti Corp - Neg\u00f3cios &amp; Finan\u00e7as\" \/>\n<meta property=\"og:description\" content=\"A L&#038;G Invest Cred Anterior Pr\u00f3ximo Fundada em 2019, a empresa L&amp;G Invest Cred Solu\u00e7\u00f5es Financeiras, atua no setor de cr\u00e9dito atrav\u00e9s de cartas de cons\u00f3rcio representando uma das maiores administradoras do pa\u00eds, o Cons\u00f3rcio Nacional Recon. Uma parceria exclusiva que busca manter a transpar\u00eancia e credibilidade que a Recon adquiriu ao longo de seus [&hellip;]\" \/>\n<meta property=\"og:url\" content=\"https:\/\/gigliotticorp.com.br\/consorcio\/?page_id=463\" \/>\n<meta property=\"og:site_name\" content=\"Gigliotti Corp - Neg\u00f3cios &amp; Finan\u00e7as\" \/>\n<meta property=\"article:modified_time\" content=\"2023-04-26T03:57:55+00:00\" \/>\n<meta property=\"og:image\" content=\"http:\/\/gigliotticorp.com.br\/consorcio\/wp-content\/uploads\/2023\/04\/espaco-interno_Prancheta-1-768x517.jpg\" \/>\n<meta name=\"twitter:card\" content=\"summary_large_image\" \/>\n<meta name=\"twitter:label1\" content=\"Est. tempo de leitura\" \/>\n\t<meta name=\"twitter:data1\" content=\"3 minutos\" \/>\n<script type=\"application\/ld+json\" class=\"yoast-schema-graph\">{\"@context\":\"https:\\\/\\\/schema.org\",\"@graph\":[{\"@type\":\"WebPage\",\"@id\":\"https:\\\/\\\/gigliotticorp.com.br\\\/consorcio\\\/?page_id=463\",\"url\":\"https:\\\/\\\/gigliotticorp.com.br\\\/consorcio\\\/?page_id=463\",\"name\":\"Quem somos - Gigliotti Corp - Neg\u00f3cios &amp; Finan\u00e7as\",\"isPartOf\":{\"@id\":\"https:\\\/\\\/gigliotticorp.com.br\\\/consorcio\\\/#website\"},\"primaryImageOfPage\":{\"@id\":\"https:\\\/\\\/gigliotticorp.com.br\\\/consorcio\\\/?page_id=463#primaryimage\"},\"image\":{\"@id\":\"https:\\\/\\\/gigliotticorp.com.br\\\/consorcio\\\/?page_id=463#primaryimage\"},\"thumbnailUrl\":\"http:\\\/\\\/gigliotticorp.com.br\\\/consorcio\\\/wp-content\\\/uploads\\\/2023\\\/04\\\/espaco-interno_Prancheta-1-768x517.jpg\",\"datePublished\":\"2023-04-25T13:43:12+00:00\",\"dateModified\":\"2023-04-26T03:57:55+00:00\",\"breadcrumb\":{\"@id\":\"https:\\\/\\\/gigliotticorp.com.br\\\/consorcio\\\/?page_id=463#breadcrumb\"},\"inLanguage\":\"pt-BR\",\"potentialAction\":[{\"@type\":\"ReadAction\",\"target\":[\"https:\\\/\\\/gigliotticorp.com.br\\\/consorcio\\\/?page_id=463\"]}]},{\"@type\":\"ImageObject\",\"inLanguage\":\"pt-BR\",\"@id\":\"https:\\\/\\\/gigliotticorp.com.br\\\/consorcio\\\/?page_id=463#primaryimage\",\"url\":\"https:\\\/\\\/gigliotticorp.com.br\\\/consorcio\\\/wp-content\\\/uploads\\\/2023\\\/04\\\/espaco-interno_Prancheta-1.jpg\",\"contentUrl\":\"https:\\\/\\\/gigliotticorp.com.br\\\/consorcio\\\/wp-content\\\/uploads\\\/2023\\\/04\\\/espaco-interno_Prancheta-1.jpg\",\"width\":1204,\"height\":810},{\"@type\":\"BreadcrumbList\",\"@id\":\"https:\\\/\\\/gigliotticorp.com.br\\\/consorcio\\\/?page_id=463#breadcrumb\",\"itemListElement\":[{\"@type\":\"ListItem\",\"position\":1,\"name\":\"In\u00edcio\",\"item\":\"https:\\\/\\\/gigliotticorp.com.br\\\/consorcio\\\/\"},{\"@type\":\"ListItem\",\"position\":2,\"name\":\"Quem somos\"}]},{\"@type\":\"WebSite\",\"@id\":\"https:\\\/\\\/gigliotticorp.com.br\\\/consorcio\\\/#website\",\"url\":\"https:\\\/\\\/gigliotticorp.com.br\\\/consorcio\\\/\",\"name\":\"Gigliotti Corp - Neg\u00f3cios &amp; Finan\u00e7as\",\"description\":\"O lugar certo para planejar os seus sonhos\",\"publisher\":{\"@id\":\"https:\\\/\\\/gigliotticorp.com.br\\\/consorcio\\\/#organization\"},\"potentialAction\":[{\"@type\":\"SearchAction\",\"target\":{\"@type\":\"EntryPoint\",\"urlTemplate\":\"https:\\\/\\\/gigliotticorp.com.br\\\/consorcio\\\/?s={search_term_string}\"},\"query-input\":{\"@type\":\"PropertyValueSpecification\",\"valueRequired\":true,\"valueName\":\"search_term_string\"}}],\"inLanguage\":\"pt-BR\"},{\"@type\":\"Organization\",\"@id\":\"https:\\\/\\\/gigliotticorp.com.br\\\/consorcio\\\/#organization\",\"name\":\"Gigliotti Corp - Neg\u00f3cios &amp; Finan\u00e7as\",\"url\":\"https:\\\/\\\/gigliotticorp.com.br\\\/consorcio\\\/\",\"logo\":{\"@type\":\"ImageObject\",\"inLanguage\":\"pt-BR\",\"@id\":\"https:\\\/\\\/gigliotticorp.com.br\\\/consorcio\\\/#\\\/schema\\\/logo\\\/image\\\/\",\"url\":\"https:\\\/\\\/gigliotticorp.com.br\\\/consorcio\\\/wp-content\\\/uploads\\\/2023\\\/04\\\/cropped-logo_prancheta-4.png\",\"contentUrl\":\"https:\\\/\\\/gigliotticorp.com.br\\\/consorcio\\\/wp-content\\\/uploads\\\/2023\\\/04\\\/cropped-logo_prancheta-4.png\",\"width\":1071,\"height\":306,\"caption\":\"Gigliotti Corp - Neg\u00f3cios &amp; Finan\u00e7as\"},\"image\":{\"@id\":\"https:\\\/\\\/gigliotticorp.com.br\\\/consorcio\\\/#\\\/schema\\\/logo\\\/image\\\/\"}}]}<\/script>\n<!-- \/ Yoast SEO plugin. -->","yoast_head_json":{"title":"Quem somos - Gigliotti Corp - Neg\u00f3cios &amp; Finan\u00e7as","robots":{"index":"index","follow":"follow","max-snippet":"max-snippet:-1","max-image-preview":"max-image-preview:large","max-video-preview":"max-video-preview:-1"},"canonical":"https:\/\/gigliotticorp.com.br\/consorcio\/?page_id=463","og_locale":"pt_BR","og_type":"article","og_title":"Quem somos - Gigliotti Corp - Neg\u00f3cios &amp; Finan\u00e7as","og_description":"A L&#038;G Invest Cred Anterior Pr\u00f3ximo Fundada em 2019, a empresa L&amp;G Invest Cred Solu\u00e7\u00f5es Financeiras, atua no setor de cr\u00e9dito atrav\u00e9s de cartas de cons\u00f3rcio representando uma das maiores administradoras do pa\u00eds, o Cons\u00f3rcio Nacional Recon. Uma parceria exclusiva que busca manter a transpar\u00eancia e credibilidade que a Recon adquiriu ao longo de seus [&hellip;]","og_url":"https:\/\/gigliotticorp.com.br\/consorcio\/?page_id=463","og_site_name":"Gigliotti Corp - Neg\u00f3cios &amp; Finan\u00e7as","article_modified_time":"2023-04-26T03:57:55+00:00","og_image":[{"url":"http:\/\/gigliotticorp.com.br\/consorcio\/wp-content\/uploads\/2023\/04\/espaco-interno_Prancheta-1-768x517.jpg","type":"","width":"","height":""}],"twitter_card":"summary_large_image","twitter_misc":{"Est. tempo de leitura":"3 minutos"},"schema":{"@context":"https:\/\/schema.org","@graph":[{"@type":"WebPage","@id":"https:\/\/gigliotticorp.com.br\/consorcio\/?page_id=463","url":"https:\/\/gigliotticorp.com.br\/consorcio\/?page_id=463","name":"Quem somos - Gigliotti Corp - Neg\u00f3cios &amp; Finan\u00e7as","isPartOf":{"@id":"https:\/\/gigliotticorp.com.br\/consorcio\/#website"},"primaryImageOfPage":{"@id":"https:\/\/gigliotticorp.com.br\/consorcio\/?page_id=463#primaryimage"},"image":{"@id":"https:\/\/gigliotticorp.com.br\/consorcio\/?page_id=463#primaryimage"},"thumbnailUrl":"http:\/\/gigliotticorp.com.br\/consorcio\/wp-content\/uploads\/2023\/04\/espaco-interno_Prancheta-1-768x517.jpg","datePublished":"2023-04-25T13:43:12+00:00","dateModified":"2023-04-26T03:57:55+00:00","breadcrumb":{"@id":"https:\/\/gigliotticorp.com.br\/consorcio\/?page_id=463#breadcrumb"},"inLanguage":"pt-BR","potentialAction":[{"@type":"ReadAction","target":["https:\/\/gigliotticorp.com.br\/consorcio\/?page_id=463"]}]},{"@type":"ImageObject","inLanguage":"pt-BR","@id":"https:\/\/gigliotticorp.com.br\/consorcio\/?page_id=463#primaryimage","url":"https:\/\/gigliotticorp.com.br\/consorcio\/wp-content\/uploads\/2023\/04\/espaco-interno_Prancheta-1.jpg","contentUrl":"https:\/\/gigliotticorp.com.br\/consorcio\/wp-content\/uploads\/2023\/04\/espaco-interno_Prancheta-1.jpg","width":1204,"height":810},{"@type":"BreadcrumbList","@id":"https:\/\/gigliotticorp.com.br\/consorcio\/?page_id=463#breadcrumb","itemListElement":[{"@type":"ListItem","position":1,"name":"In\u00edcio","item":"https:\/\/gigliotticorp.com.br\/consorcio\/"},{"@type":"ListItem","position":2,"name":"Quem somos"}]},{"@type":"WebSite","@id":"https:\/\/gigliotticorp.com.br\/consorcio\/#website","url":"https:\/\/gigliotticorp.com.br\/consorcio\/","name":"Gigliotti Corp - Neg\u00f3cios &amp; Finan\u00e7as","description":"O lugar certo para planejar os seus sonhos","publisher":{"@id":"https:\/\/gigliotticorp.com.br\/consorcio\/#organization"},"potentialAction":[{"@type":"SearchAction","target":{"@type":"EntryPoint","urlTemplate":"https:\/\/gigliotticorp.com.br\/consorcio\/?s={search_term_string}"},"query-input":{"@type":"PropertyValueSpecification","valueRequired":true,"valueName":"search_term_string"}}],"inLanguage":"pt-BR"},{"@type":"Organization","@id":"https:\/\/gigliotticorp.com.br\/consorcio\/#organization","name":"Gigliotti Corp - Neg\u00f3cios &amp; Finan\u00e7as","url":"https:\/\/gigliotticorp.com.br\/consorcio\/","logo":{"@type":"ImageObject","inLanguage":"pt-BR","@id":"https:\/\/gigliotticorp.com.br\/consorcio\/#\/schema\/logo\/image\/","url":"https:\/\/gigliotticorp.com.br\/consorcio\/wp-content\/uploads\/2023\/04\/cropped-logo_prancheta-4.png","contentUrl":"https:\/\/gigliotticorp.com.br\/consorcio\/wp-content\/uploads\/2023\/04\/cropped-logo_prancheta-4.png","width":1071,"height":306,"caption":"Gigliotti Corp - Neg\u00f3cios &amp; Finan\u00e7as"},"image":{"@id":"https:\/\/gigliotticorp.com.br\/consorcio\/#\/schema\/logo\/image\/"}}]}},"_links":{"self":[{"href":"https:\/\/gigliotticorp.com.br\/consorcio\/index.php?rest_route=\/wp\/v2\/pages\/463","targetHints":{"allow":["GET"]}}],"collection":[{"href":"https:\/\/gigliotticorp.com.br\/consorcio\/index.php?rest_route=\/wp\/v2\/pages"}],"about":[{"href":"https:\/\/gigliotticorp.com.br\/consorcio\/index.php?rest_route=\/wp\/v2\/types\/page"}],"author":[{"embeddable":true,"href":"https:\/\/gigliotticorp.com.br\/consorcio\/index.php?rest_route=\/wp\/v2\/users\/1"}],"replies":[{"embeddable":true,"href":"https:\/\/gigliotticorp.com.br\/consorcio\/index.php?rest_route=%2Fwp%2Fv2%2Fcomments&post=463"}],"version-history":[{"count":73,"href":"https:\/\/gigliotticorp.com.br\/consorcio\/index.php?rest_route=\/wp\/v2\/pages\/463\/revisions"}],"predecessor-version":[{"id":718,"href":"https:\/\/gigliotticorp.com.br\/consorcio\/index.php?rest_route=\/wp\/v2\/pages\/463\/revisions\/718"}],"wp:attachment":[{"href":"https:\/\/gigliotticorp.com.br\/consorcio\/index.php?rest_route=%2Fwp%2Fv2%2Fmedia&parent=463"}],"curies":[{"name":"wp","href":"https:\/\/api.w.org\/{rel}","templated":true}]}}