{"id":374,"date":"2023-04-14T13:29:07","date_gmt":"2023-04-14T16:29:07","guid":{"rendered":"https:\/\/gigliotticorp.com.br\/consorcio\/?page_id=374"},"modified":"2023-04-28T20:39:03","modified_gmt":"2023-04-28T23:39:03","slug":"contato","status":"publish","type":"page","link":"https:\/\/gigliotticorp.com.br\/consorcio\/?page_id=374","title":{"rendered":"Contato"},"content":{"rendered":"\t\t<div data-elementor-type=\"wp-page\" data-elementor-id=\"374\" class=\"elementor elementor-374\" data-elementor-post-type=\"page\">\n\t\t\t\t\t\t<section class=\"elementor-section elementor-top-section elementor-element elementor-element-5890d24 elementor-section-boxed elementor-section-height-default elementor-section-height-default\" data-id=\"5890d24\" data-element_type=\"section\" data-e-type=\"section\">\n\t\t\t\t\t\t<div class=\"elementor-container elementor-column-gap-default\">\n\t\t\t\t\t<div class=\"elementor-column elementor-col-100 elementor-top-column elementor-element elementor-element-730f176\" data-id=\"730f176\" data-element_type=\"column\" data-e-type=\"column\">\n\t\t\t<div class=\"elementor-widget-wrap elementor-element-populated\">\n\t\t\t\t\t\t<section class=\"elementor-section elementor-inner-section elementor-element elementor-element-39874da elementor-section-boxed elementor-section-height-default elementor-section-height-default\" data-id=\"39874da\" data-element_type=\"section\" data-e-type=\"section\">\n\t\t\t\t\t\t<div class=\"elementor-container elementor-column-gap-default\">\n\t\t\t\t\t<div class=\"elementor-column elementor-col-50 elementor-inner-column elementor-element elementor-element-cf7f9e1\" data-id=\"cf7f9e1\" data-element_type=\"column\" data-e-type=\"column\">\n\t\t\t<div class=\"elementor-widget-wrap elementor-element-populated\">\n\t\t\t\t\t\t<div class=\"elementor-element elementor-element-7bb3991 elementor-widget elementor-widget-heading\" data-id=\"7bb3991\" data-element_type=\"widget\" data-e-type=\"widget\" data-widget_type=\"heading.default\">\n\t\t\t\t<div class=\"elementor-widget-container\">\n\t\t\t\t\t<h2 class=\"elementor-heading-title elementor-size-large\">Contato<\/h2>\t\t\t\t<\/div>\n\t\t\t\t<\/div>\n\t\t\t\t<div class=\"elementor-element elementor-element-eb7cc3a elementor-widget elementor-widget-heading\" data-id=\"eb7cc3a\" data-element_type=\"widget\" data-e-type=\"widget\" data-widget_type=\"heading.default\">\n\t\t\t\t<div class=\"elementor-widget-container\">\n\t\t\t\t\t<h2 class=\"elementor-heading-title elementor-size-medium\">Fale com nossa central de atendimento.<\/h2>\t\t\t\t<\/div>\n\t\t\t\t<\/div>\n\t\t\t\t<div class=\"elementor-element elementor-element-174e52a elementor-widget__width-initial jedv-enabled--yes elementor-widget elementor-widget-jet-form-builder-form\" data-id=\"174e52a\" data-element_type=\"widget\" data-e-type=\"widget\" data-widget_type=\"jet-form-builder-form.default\">\n\t\t\t\t<div class=\"elementor-widget-container\">\n\t\t\t\t\t<link rel='stylesheet' id='wp-block-library-css' href='https:\/\/gigliotticorp.com.br\/consorcio\/wp-includes\/css\/dist\/block-library\/style.min.css?ver=6.9.4' media='all' \/>\n<style id=\"jet-form-builder-394-inline-css\"><\/style><form  class=\"jet-form-builder layout-column submit-type-reload\" action=\"https:\/\/gigliotticorp.com.br\/consorcio\/?LAsEN6=b6V6bE2p9j&amp;method=reload\" method=\"POST\" data-form-id=\"394\" data-layout=\"column\" enctype=\"multipart\/form-data\" data-clear=\"1\" novalidate=\"null\" ssr_validation_method=\"rest\"><input type=\"hidden\" class=\"jet-form-builder__field hidden-field\" name=\"_jfb_csrf_token\" data-field-name=\"_jfb_csrf_token\" value=\"4bcf3369dd8eb9c060843a6432014d6f\">\n<input type=\"hidden\" id=\"_wpnonce\" name=\"_wpnonce\" value=\"e8db66244d\" \/><input type=\"hidden\" name=\"_wp_http_referer\" value=\"\/consorcio\/index.php?rest_route=%2Fwp%2Fv2%2Fpages%2F374\" \/>\r\n<input type=\"hidden\" name=\"_jfb_current_render_states[]\" value=\"DEFAULT.STATE\" data-jfb-sync \/><input type=\"hidden\" class=\"jet-form-builder__field hidden-field\" name=\"_jet_engine_booking_form_id\" data-field-name=\"_jet_engine_booking_form_id\" value=\"394\">\n<input type=\"hidden\" class=\"jet-form-builder__field hidden-field\" name=\"_jet_engine_refer\" data-field-name=\"_jet_engine_refer\" value=\"https:\/\/gigliotticorp.com.br\/consorcio\/?rest_route=%2Fwp%2Fv2%2Fpages%2F374\">\n<input type=\"hidden\" class=\"jet-form-builder__field hidden-field\" name=\"__queried_post_id\" data-field-name=\"__queried_post_id\" value=\"374\">\n\n<input type=\"hidden\" class=\"jet-form-builder__field hidden-field\" name=\"post_id\" data-field-name=\"post_id\" data-jfb-sync=\"null\" value=\"374\">\n\n\n\n\n<div class=\"wp-block-group\"><div class=\"wp-block-group__inner-container is-layout-constrained wp-block-group-is-layout-constrained\">\n<div class=\"wp-block-group\"><div class=\"wp-block-group__inner-container is-layout-constrained wp-block-group-is-layout-constrained\"><div  class=\"jet-form-builder-row field-type-text-field\" >\n<div class=\"jet-form-builder__label\">\r\n<div class=\"jet-form-builder__label-text\">Nome <span class=\"jet-form-builder__required\">*<\/span><\/div><\/div><div class=\"jet-form-builder__field-wrap\">\n\t\t\t\t<input required=\"required\" name=\"name\" id=\"name\" type=\"text\" data-field-name=\"name\" class=\"jet-form-builder__field text-field\" data-jfb-sync=\"null\" autocomplete=\"off_f3JQoHh1\">\n\t\t\t\t\t<\/div>\n<\/div><\/div><\/div>\n<\/div><\/div>\n\n\n<div  class=\"jet-form-builder-row field-type-text-field\" >\n<div class=\"jet-form-builder__label\">\r\n<div class=\"jet-form-builder__label-text\">WhatsApp <span class=\"jet-form-builder__required\">*<\/span><\/div><\/div><div class=\"jet-form-builder__field-wrap\">\n\t\t\t\t<input required=\"required\" name=\"phone\" id=\"phone\" type=\"tel\" data-field-name=\"phone\" class=\"jet-form-builder__field text-field\" data-jfb-sync=\"null\" autocomplete=\"off_WybukdK9\">\n\t\t\t\t\t<\/div>\n<\/div>\n\n<div  class=\"jet-form-builder-row field-type-text-field\" >\n<div class=\"jet-form-builder__label\">\r\n<div class=\"jet-form-builder__label-text\">Email <span class=\"jet-form-builder__required\">*<\/span><\/div><\/div><div class=\"jet-form-builder__field-wrap\">\n\t\t\t\t<input required=\"required\" name=\"email\" id=\"email\" type=\"email\" data-field-name=\"email\" class=\"jet-form-builder__field text-field\" data-jfb-sync=\"null\" autocomplete=\"off_hxTsjFGv\">\n\t\t\t\t\t<\/div>\n<\/div>\n\n<div  class=\"jet-form-builder-row field-type-text-field\" >\n<div class=\"jet-form-builder__label\">\r\n<div class=\"jet-form-builder__label-text\">CPF<\/div><\/div><div class=\"jet-form-builder__field-wrap\">\n\t\t\t\t<input name=\"cpf\" id=\"cpf\" type=\"text\" data-field-name=\"cpf\" class=\"jet-form-builder__field text-field\" data-jfb-sync=\"null\" autocomplete=\"off_6OibXTUH\">\n\t\t\t\t\t<\/div>\n<\/div>\n\n<div  class=\"jet-form-builder-row field-type-select-field wp-block-jet-forms-select-field\">\n<div class=\"jet-form-builder__label\">\r\n<div class=\"jet-form-builder__label-text\">Estado <span class=\"jet-form-builder__required\">*<\/span><\/div><\/div><div class=\"jet-form-builder__field-wrap\">\n\t<select class=\"jet-form-builder__field select-field\" required=\"required\" name=\"estado\" data-field-name=\"estado\" id=\"estado\" data-jfb-sync=\"null\">\n\t\t<option value=\"Acre\" >AC<\/option><option value=\"Alagoas\" >AL<\/option><option value=\"Amap\u00e1\" >AP<\/option><option value=\"Amazonas\" >AM<\/option><option value=\"Bahia\" >BA<\/option><option value=\"Cear\u00e1\" >CE<\/option><option value=\"Esp\u00edrito Santo\" >ES<\/option><option value=\"Goi\u00e1s\" >GO<\/option><option value=\"Maranh\u00e3o\" >MA<\/option><option value=\"Mato Grosso\" >MT<\/option><option value=\"Mato Grosso do Sul\" >MS<\/option><option value=\"Minas Gerais\" >MS<\/option><option value=\"Par\u00e1\" >PA<\/option><option value=\"Para\u00edba\" >PB<\/option><option value=\"Paran\u00e1\" >PR<\/option><option value=\"Pernambuco\" >PE<\/option><option value=\"Piau\u00ed\" >PI<\/option><option value=\"Rio de Janeiro\" >RJ<\/option><option value=\"Rio Grande do Norte\" >RN<\/option><option value=\"Rio Grande do Sul\" >RS<\/option><option value=\"Rond\u00f4nia\" >RO<\/option><option value=\"Roraima\" >RR<\/option><option value=\"Santa Catarina\" >SC<\/option><option value=\"S\u00e3o Paulo\" >SP<\/option><option value=\"Sergipe\" >SE<\/option><option value=\"Tocantins\" >TO<\/option><option value=\"Distrito Federal\" >DF<\/option>\t<\/select>\n<\/div>\n<\/div>\n\n<div  class=\"jet-form-builder-row field-type-text-field\" >\n<div class=\"jet-form-builder__label\">\r\n<div class=\"jet-form-builder__label-text\">Cidade <span class=\"jet-form-builder__required\">*<\/span><\/div><\/div><div class=\"jet-form-builder__field-wrap\">\n\t\t\t\t<input required=\"required\" name=\"cidade\" id=\"cidade\" type=\"text\" data-field-name=\"cidade\" class=\"jet-form-builder__field text-field\" data-jfb-sync=\"null\" autocomplete=\"off_QvlbUW91\">\n\t\t\t\t\t<\/div>\n<\/div>\n\n<div  class=\"jet-form-builder-row field-type-select-field wp-block-jet-forms-select-field\">\n<div class=\"jet-form-builder__label\">\r\n<div class=\"jet-form-builder__label-text\">Assunto<\/div><\/div><div class=\"jet-form-builder__field-wrap\">\n\t<select class=\"jet-form-builder__field select-field\" name=\"assunto\" data-field-name=\"assunto\" id=\"assunto\" data-jfb-sync=\"null\">\n\t\t<option value=\"atendimento\" >Atendimento<\/option><option value=\"Assessor\u00a0de\u00a0Cr\u00e9dito\" >Assessor\u00a0de\u00a0Cr\u00e9dito<\/option>\t<\/select>\n<\/div>\n<\/div>\n\n<div  class=\"jet-form-builder-row field-type-textarea-field\" >\n<div class=\"jet-form-builder__label\">\r\n<div class=\"jet-form-builder__label-text\">Mensagem  <span class=\"jet-form-builder__required\">*<\/span><\/div><\/div><div class=\"jet-form-builder__field-wrap\">\n\t\t<textarea class=\"jet-form-builder__field textarea-field\" required=\"required\" name=\"mensagem\" data-field-name=\"mensagem\" id=\"mensagem\" data-jfb-sync=\"null\"><\/textarea>\n\t<\/div>\n<\/div>\n\n<div  class=\"jet-form-builder-row field-type-submit-field\" >\n\t<div data-type=\"submit\" class=\"jet-form-builder__action-button-wrapper jet-form-builder__submit-wrap\">\n\t<button class=\"jet-form-builder__action-button jet-form-builder__submit submit-type-reload\" type=\"submit\">Enviar<\/button>\n\t<\/div>\n\t\n<\/div>\t<div class=\"jet-form-builder-messages-wrap\" data-form-id=\"394\"><\/div>\n<\/form>\n\t\t\t\t<\/div>\n\t\t\t\t<\/div>\n\t\t\t\t\t<\/div>\n\t\t<\/div>\n\t\t\t\t<div class=\"elementor-column elementor-col-50 elementor-inner-column elementor-element elementor-element-9fb01b6\" data-id=\"9fb01b6\" data-element_type=\"column\" data-e-type=\"column\">\n\t\t\t<div class=\"elementor-widget-wrap elementor-element-populated\">\n\t\t\t\t\t\t<div class=\"elementor-element elementor-element-5656339 elementor-widget__width-initial elementor-widget elementor-widget-image\" data-id=\"5656339\" data-element_type=\"widget\" data-e-type=\"widget\" data-widget_type=\"image.default\">\n\t\t\t\t<div class=\"elementor-widget-container\">\n\t\t\t\t\t\t\t\t\t\t\t\t\t\t\t<img decoding=\"async\" src=\"https:\/\/gigliotticorp.com.br\/consorcio\/wp-content\/uploads\/elementor\/thumbs\/menina-q52tqlmcracrsw3z9d3iaveuaxrlcncvj9vrnvfx1c.png\" title=\"menina\" alt=\"menina\" loading=\"lazy\" \/>\t\t\t\t\t\t\t\t\t\t\t\t\t\t\t<\/div>\n\t\t\t\t<\/div>\n\t\t\t\t<div class=\"elementor-element elementor-element-fcf4a38 elementor-widget elementor-widget-heading\" data-id=\"fcf4a38\" data-element_type=\"widget\" data-e-type=\"widget\" data-widget_type=\"heading.default\">\n\t\t\t\t<div class=\"elementor-widget-container\">\n\t\t\t\t\t<h2 class=\"elementor-heading-title elementor-size-small\">Equipe altamente qualificada, pronta para tirar todas as suas d\u00favidas e te ajudar na conquista dos seus sonhos.<\/h2>\t\t\t\t<\/div>\n\t\t\t\t<\/div>\n\t\t\t\t\t<\/div>\n\t\t<\/div>\n\t\t\t\t\t<\/div>\n\t\t<\/section>\n\t\t\t\t\t<\/div>\n\t\t<\/div>\n\t\t\t\t\t<\/div>\n\t\t<\/section>\n\t\t\t\t<\/div>\n\t\t","protected":false},"excerpt":{"rendered":"<p>Contato Fale com nossa central de atendimento. Nome * WhatsApp * Email * CPF Estado * ACALAPAMBACEESGOMAMTMSMSPAPBPRPEPIRJRNRSRORRSCSPSETODF Cidade * Assunto AtendimentoAssessor\u00a0de\u00a0Cr\u00e9dito Mensagem * Enviar Formul\u00e1rio enviado com sucesso! Falar com Assessor de Cr\u00e9dito AGORA! Equipe altamente qualificada, pronta para tirar todas as suas d\u00favidas e te ajudar na conquista dos seus sonhos.<\/p>\n","protected":false},"author":1,"featured_media":0,"parent":0,"menu_order":0,"comment_status":"closed","ping_status":"closed","template":"","meta":{"_eb_attr":"","content-type":"","_monsterinsights_skip_tracking":false,"_monsterinsights_sitenote_active":false,"_monsterinsights_sitenote_note":"","_monsterinsights_sitenote_category":0,"_joinchat":[],"footnotes":""},"class_list":["post-374","page","type-page","status-publish","hentry"],"aioseo_notices":[],"yoast_head":"<!-- This site is optimized with the Yoast SEO plugin v27.5 - https:\/\/yoast.com\/product\/yoast-seo-wordpress\/ -->\n<title>Contato - Gigliotti Corp - Neg\u00f3cios &amp; Finan\u00e7as<\/title>\n<meta name=\"robots\" content=\"index, follow, max-snippet:-1, max-image-preview:large, max-video-preview:-1\" \/>\n<link rel=\"canonical\" href=\"https:\/\/gigliotticorp.com.br\/consorcio\/?page_id=374\" \/>\n<meta property=\"og:locale\" content=\"pt_BR\" \/>\n<meta property=\"og:type\" content=\"article\" \/>\n<meta property=\"og:title\" content=\"Contato - Gigliotti Corp - Neg\u00f3cios &amp; Finan\u00e7as\" \/>\n<meta property=\"og:description\" content=\"Contato Fale com nossa central de atendimento. Nome * WhatsApp * Email * CPF Estado * ACALAPAMBACEESGOMAMTMSMSPAPBPRPEPIRJRNRSRORRSCSPSETODF Cidade * Assunto AtendimentoAssessor\u00a0de\u00a0Cr\u00e9dito Mensagem * Enviar Formul\u00e1rio enviado com sucesso! Falar com Assessor de Cr\u00e9dito AGORA! Equipe altamente qualificada, pronta para tirar todas as suas d\u00favidas e te ajudar na conquista dos seus sonhos.\" \/>\n<meta property=\"og:url\" content=\"https:\/\/gigliotticorp.com.br\/consorcio\/?page_id=374\" \/>\n<meta property=\"og:site_name\" content=\"Gigliotti Corp - Neg\u00f3cios &amp; Finan\u00e7as\" \/>\n<meta property=\"article:modified_time\" content=\"2023-04-28T23:39:03+00:00\" \/>\n<meta property=\"og:image\" content=\"http:\/\/gigliotticorp.com.br\/consorcio\/wp-content\/uploads\/elementor\/thumbs\/menina-q52tqlmcracrsw3z9d3iaveuaxrlcncvj9vrnvfx1c.png\" \/>\n<meta name=\"twitter:card\" content=\"summary_large_image\" \/>\n<meta name=\"twitter:label1\" content=\"Est. tempo de leitura\" \/>\n\t<meta name=\"twitter:data1\" content=\"1 minuto\" \/>\n<script type=\"application\/ld+json\" class=\"yoast-schema-graph\">{\"@context\":\"https:\\\/\\\/schema.org\",\"@graph\":[{\"@type\":\"WebPage\",\"@id\":\"https:\\\/\\\/gigliotticorp.com.br\\\/consorcio\\\/?page_id=374\",\"url\":\"https:\\\/\\\/gigliotticorp.com.br\\\/consorcio\\\/?page_id=374\",\"name\":\"Contato - Gigliotti Corp - Neg\u00f3cios &amp; Finan\u00e7as\",\"isPartOf\":{\"@id\":\"https:\\\/\\\/gigliotticorp.com.br\\\/consorcio\\\/#website\"},\"primaryImageOfPage\":{\"@id\":\"https:\\\/\\\/gigliotticorp.com.br\\\/consorcio\\\/?page_id=374#primaryimage\"},\"image\":{\"@id\":\"https:\\\/\\\/gigliotticorp.com.br\\\/consorcio\\\/?page_id=374#primaryimage\"},\"thumbnailUrl\":\"http:\\\/\\\/gigliotticorp.com.br\\\/consorcio\\\/wp-content\\\/uploads\\\/elementor\\\/thumbs\\\/menina-q52tqlmcracrsw3z9d3iaveuaxrlcncvj9vrnvfx1c.png\",\"datePublished\":\"2023-04-14T16:29:07+00:00\",\"dateModified\":\"2023-04-28T23:39:03+00:00\",\"breadcrumb\":{\"@id\":\"https:\\\/\\\/gigliotticorp.com.br\\\/consorcio\\\/?page_id=374#breadcrumb\"},\"inLanguage\":\"pt-BR\",\"potentialAction\":[{\"@type\":\"ReadAction\",\"target\":[\"https:\\\/\\\/gigliotticorp.com.br\\\/consorcio\\\/?page_id=374\"]}]},{\"@type\":\"ImageObject\",\"inLanguage\":\"pt-BR\",\"@id\":\"https:\\\/\\\/gigliotticorp.com.br\\\/consorcio\\\/?page_id=374#primaryimage\",\"url\":\"http:\\\/\\\/gigliotticorp.com.br\\\/consorcio\\\/wp-content\\\/uploads\\\/elementor\\\/thumbs\\\/menina-q52tqlmcracrsw3z9d3iaveuaxrlcncvj9vrnvfx1c.png\",\"contentUrl\":\"http:\\\/\\\/gigliotticorp.com.br\\\/consorcio\\\/wp-content\\\/uploads\\\/elementor\\\/thumbs\\\/menina-q52tqlmcracrsw3z9d3iaveuaxrlcncvj9vrnvfx1c.png\"},{\"@type\":\"BreadcrumbList\",\"@id\":\"https:\\\/\\\/gigliotticorp.com.br\\\/consorcio\\\/?page_id=374#breadcrumb\",\"itemListElement\":[{\"@type\":\"ListItem\",\"position\":1,\"name\":\"In\u00edcio\",\"item\":\"https:\\\/\\\/gigliotticorp.com.br\\\/consorcio\\\/\"},{\"@type\":\"ListItem\",\"position\":2,\"name\":\"Contato\"}]},{\"@type\":\"WebSite\",\"@id\":\"https:\\\/\\\/gigliotticorp.com.br\\\/consorcio\\\/#website\",\"url\":\"https:\\\/\\\/gigliotticorp.com.br\\\/consorcio\\\/\",\"name\":\"Gigliotti Corp - Neg\u00f3cios &amp; Finan\u00e7as\",\"description\":\"O lugar certo para planejar os seus sonhos\",\"publisher\":{\"@id\":\"https:\\\/\\\/gigliotticorp.com.br\\\/consorcio\\\/#organization\"},\"potentialAction\":[{\"@type\":\"SearchAction\",\"target\":{\"@type\":\"EntryPoint\",\"urlTemplate\":\"https:\\\/\\\/gigliotticorp.com.br\\\/consorcio\\\/?s={search_term_string}\"},\"query-input\":{\"@type\":\"PropertyValueSpecification\",\"valueRequired\":true,\"valueName\":\"search_term_string\"}}],\"inLanguage\":\"pt-BR\"},{\"@type\":\"Organization\",\"@id\":\"https:\\\/\\\/gigliotticorp.com.br\\\/consorcio\\\/#organization\",\"name\":\"Gigliotti Corp - Neg\u00f3cios &amp; Finan\u00e7as\",\"url\":\"https:\\\/\\\/gigliotticorp.com.br\\\/consorcio\\\/\",\"logo\":{\"@type\":\"ImageObject\",\"inLanguage\":\"pt-BR\",\"@id\":\"https:\\\/\\\/gigliotticorp.com.br\\\/consorcio\\\/#\\\/schema\\\/logo\\\/image\\\/\",\"url\":\"https:\\\/\\\/gigliotticorp.com.br\\\/consorcio\\\/wp-content\\\/uploads\\\/2023\\\/04\\\/cropped-logo_prancheta-4.png\",\"contentUrl\":\"https:\\\/\\\/gigliotticorp.com.br\\\/consorcio\\\/wp-content\\\/uploads\\\/2023\\\/04\\\/cropped-logo_prancheta-4.png\",\"width\":1071,\"height\":306,\"caption\":\"Gigliotti Corp - Neg\u00f3cios &amp; Finan\u00e7as\"},\"image\":{\"@id\":\"https:\\\/\\\/gigliotticorp.com.br\\\/consorcio\\\/#\\\/schema\\\/logo\\\/image\\\/\"}}]}<\/script>\n<!-- \/ Yoast SEO plugin. -->","yoast_head_json":{"title":"Contato - Gigliotti Corp - Neg\u00f3cios &amp; Finan\u00e7as","robots":{"index":"index","follow":"follow","max-snippet":"max-snippet:-1","max-image-preview":"max-image-preview:large","max-video-preview":"max-video-preview:-1"},"canonical":"https:\/\/gigliotticorp.com.br\/consorcio\/?page_id=374","og_locale":"pt_BR","og_type":"article","og_title":"Contato - Gigliotti Corp - Neg\u00f3cios &amp; Finan\u00e7as","og_description":"Contato Fale com nossa central de atendimento. Nome * WhatsApp * Email * CPF Estado * ACALAPAMBACEESGOMAMTMSMSPAPBPRPEPIRJRNRSRORRSCSPSETODF Cidade * Assunto AtendimentoAssessor\u00a0de\u00a0Cr\u00e9dito Mensagem * Enviar Formul\u00e1rio enviado com sucesso! Falar com Assessor de Cr\u00e9dito AGORA! Equipe altamente qualificada, pronta para tirar todas as suas d\u00favidas e te ajudar na conquista dos seus sonhos.","og_url":"https:\/\/gigliotticorp.com.br\/consorcio\/?page_id=374","og_site_name":"Gigliotti Corp - Neg\u00f3cios &amp; Finan\u00e7as","article_modified_time":"2023-04-28T23:39:03+00:00","og_image":[{"url":"http:\/\/gigliotticorp.com.br\/consorcio\/wp-content\/uploads\/elementor\/thumbs\/menina-q52tqlmcracrsw3z9d3iaveuaxrlcncvj9vrnvfx1c.png","type":"","width":"","height":""}],"twitter_card":"summary_large_image","twitter_misc":{"Est. tempo de leitura":"1 minuto"},"schema":{"@context":"https:\/\/schema.org","@graph":[{"@type":"WebPage","@id":"https:\/\/gigliotticorp.com.br\/consorcio\/?page_id=374","url":"https:\/\/gigliotticorp.com.br\/consorcio\/?page_id=374","name":"Contato - Gigliotti Corp - Neg\u00f3cios &amp; Finan\u00e7as","isPartOf":{"@id":"https:\/\/gigliotticorp.com.br\/consorcio\/#website"},"primaryImageOfPage":{"@id":"https:\/\/gigliotticorp.com.br\/consorcio\/?page_id=374#primaryimage"},"image":{"@id":"https:\/\/gigliotticorp.com.br\/consorcio\/?page_id=374#primaryimage"},"thumbnailUrl":"http:\/\/gigliotticorp.com.br\/consorcio\/wp-content\/uploads\/elementor\/thumbs\/menina-q52tqlmcracrsw3z9d3iaveuaxrlcncvj9vrnvfx1c.png","datePublished":"2023-04-14T16:29:07+00:00","dateModified":"2023-04-28T23:39:03+00:00","breadcrumb":{"@id":"https:\/\/gigliotticorp.com.br\/consorcio\/?page_id=374#breadcrumb"},"inLanguage":"pt-BR","potentialAction":[{"@type":"ReadAction","target":["https:\/\/gigliotticorp.com.br\/consorcio\/?page_id=374"]}]},{"@type":"ImageObject","inLanguage":"pt-BR","@id":"https:\/\/gigliotticorp.com.br\/consorcio\/?page_id=374#primaryimage","url":"http:\/\/gigliotticorp.com.br\/consorcio\/wp-content\/uploads\/elementor\/thumbs\/menina-q52tqlmcracrsw3z9d3iaveuaxrlcncvj9vrnvfx1c.png","contentUrl":"http:\/\/gigliotticorp.com.br\/consorcio\/wp-content\/uploads\/elementor\/thumbs\/menina-q52tqlmcracrsw3z9d3iaveuaxrlcncvj9vrnvfx1c.png"},{"@type":"BreadcrumbList","@id":"https:\/\/gigliotticorp.com.br\/consorcio\/?page_id=374#breadcrumb","itemListElement":[{"@type":"ListItem","position":1,"name":"In\u00edcio","item":"https:\/\/gigliotticorp.com.br\/consorcio\/"},{"@type":"ListItem","position":2,"name":"Contato"}]},{"@type":"WebSite","@id":"https:\/\/gigliotticorp.com.br\/consorcio\/#website","url":"https:\/\/gigliotticorp.com.br\/consorcio\/","name":"Gigliotti Corp - Neg\u00f3cios &amp; Finan\u00e7as","description":"O lugar certo para planejar os seus sonhos","publisher":{"@id":"https:\/\/gigliotticorp.com.br\/consorcio\/#organization"},"potentialAction":[{"@type":"SearchAction","target":{"@type":"EntryPoint","urlTemplate":"https:\/\/gigliotticorp.com.br\/consorcio\/?s={search_term_string}"},"query-input":{"@type":"PropertyValueSpecification","valueRequired":true,"valueName":"search_term_string"}}],"inLanguage":"pt-BR"},{"@type":"Organization","@id":"https:\/\/gigliotticorp.com.br\/consorcio\/#organization","name":"Gigliotti Corp - Neg\u00f3cios &amp; Finan\u00e7as","url":"https:\/\/gigliotticorp.com.br\/consorcio\/","logo":{"@type":"ImageObject","inLanguage":"pt-BR","@id":"https:\/\/gigliotticorp.com.br\/consorcio\/#\/schema\/logo\/image\/","url":"https:\/\/gigliotticorp.com.br\/consorcio\/wp-content\/uploads\/2023\/04\/cropped-logo_prancheta-4.png","contentUrl":"https:\/\/gigliotticorp.com.br\/consorcio\/wp-content\/uploads\/2023\/04\/cropped-logo_prancheta-4.png","width":1071,"height":306,"caption":"Gigliotti Corp - Neg\u00f3cios &amp; Finan\u00e7as"},"image":{"@id":"https:\/\/gigliotticorp.com.br\/consorcio\/#\/schema\/logo\/image\/"}}]}},"_links":{"self":[{"href":"https:\/\/gigliotticorp.com.br\/consorcio\/index.php?rest_route=\/wp\/v2\/pages\/374","targetHints":{"allow":["GET"]}}],"collection":[{"href":"https:\/\/gigliotticorp.com.br\/consorcio\/index.php?rest_route=\/wp\/v2\/pages"}],"about":[{"href":"https:\/\/gigliotticorp.com.br\/consorcio\/index.php?rest_route=\/wp\/v2\/types\/page"}],"author":[{"embeddable":true,"href":"https:\/\/gigliotticorp.com.br\/consorcio\/index.php?rest_route=\/wp\/v2\/users\/1"}],"replies":[{"embeddable":true,"href":"https:\/\/gigliotticorp.com.br\/consorcio\/index.php?rest_route=%2Fwp%2Fv2%2Fcomments&post=374"}],"version-history":[{"count":91,"href":"https:\/\/gigliotticorp.com.br\/consorcio\/index.php?rest_route=\/wp\/v2\/pages\/374\/revisions"}],"predecessor-version":[{"id":878,"href":"https:\/\/gigliotticorp.com.br\/consorcio\/index.php?rest_route=\/wp\/v2\/pages\/374\/revisions\/878"}],"wp:attachment":[{"href":"https:\/\/gigliotticorp.com.br\/consorcio\/index.php?rest_route=%2Fwp%2Fv2%2Fmedia&parent=374"}],"curies":[{"name":"wp","href":"https:\/\/api.w.org\/{rel}","templated":true}]}}