{"id":337,"date":"2023-04-12T23:52:03","date_gmt":"2023-04-13T02:52:03","guid":{"rendered":"https:\/\/gigliotticorp.com.br\/consorcio\/?page_id=337"},"modified":"2023-04-30T15:42:15","modified_gmt":"2023-04-30T18:42:15","slug":"o-que-e-consorcio","status":"publish","type":"page","link":"https:\/\/gigliotticorp.com.br\/consorcio\/?page_id=337","title":{"rendered":"O que \u00e9 cons\u00f3rcio?"},"content":{"rendered":"\t\t<div data-elementor-type=\"wp-page\" data-elementor-id=\"337\" class=\"elementor elementor-337\" data-elementor-post-type=\"page\">\n\t\t\t\t\t\t<section class=\"elementor-section elementor-top-section elementor-element elementor-element-1006102 elementor-section-boxed elementor-section-height-default elementor-section-height-default\" data-id=\"1006102\" data-element_type=\"section\" data-e-type=\"section\">\n\t\t\t\t\t\t<div class=\"elementor-container elementor-column-gap-default\">\n\t\t\t\t\t<div class=\"elementor-column elementor-col-100 elementor-top-column elementor-element elementor-element-88bdb5e\" data-id=\"88bdb5e\" data-element_type=\"column\" data-e-type=\"column\">\n\t\t\t<div class=\"elementor-widget-wrap elementor-element-populated\">\n\t\t\t\t\t\t<div class=\"elementor-element elementor-element-5d640b5 elementor-widget elementor-widget-heading\" data-id=\"5d640b5\" data-element_type=\"widget\" data-e-type=\"widget\" data-widget_type=\"heading.default\">\n\t\t\t\t<div class=\"elementor-widget-container\">\n\t\t\t\t\t<h2 class=\"elementor-heading-title elementor-size-large\">O que \u00e9 Cons\u00f3rcio?<\/h2>\t\t\t\t<\/div>\n\t\t\t\t<\/div>\n\t\t\t\t<div class=\"elementor-element elementor-element-6184eac elementor-widget elementor-widget-text-editor\" data-id=\"6184eac\" data-element_type=\"widget\" data-e-type=\"widget\" data-widget_type=\"text-editor.default\">\n\t\t\t\t<div class=\"elementor-widget-container\">\n\t\t\t\t\t\t\t\t\t<p>Cons\u00f3rcio \u00e9 um sistema que re\u00fane pessoas f\u00edsicas e\/ou jur\u00eddicas, em grupo fechado, promovido por uma administradora, com a finalidade de propiciar a seus integrantes a aquisi\u00e7\u00e3o de bem, conjunto de bens ou servi\u00e7os por meio de autofinanciamento.<\/p><p>Como o objetivo do cons\u00f3rcio \u00e9 a aquisi\u00e7\u00e3o de bens e servi\u00e7os, n\u00e3o \u00e9 permitida a forma\u00e7\u00e3o dos cons\u00f3rcios de dinheiro.<\/p><p>As administradoras s\u00e3o as empresas prestadoras de servi\u00e7os respons\u00e1veis pela forma\u00e7\u00e3o e administra\u00e7\u00e3o de grupos de cons\u00f3rcios. Desde mar\u00e7o de 1991, o Banco Central \u00e9 respons\u00e1vel pela autoriza\u00e7\u00e3o e fiscaliza\u00e7\u00e3o destas empresas que operam no pa\u00eds, bem como pela normatiza\u00e7\u00e3o de suas opera\u00e7\u00f5es.<\/p>\t\t\t\t\t\t\t\t<\/div>\n\t\t\t\t<\/div>\n\t\t\t\t<div class=\"elementor-element elementor-element-fc4ce2e elementor-widget elementor-widget-heading\" data-id=\"fc4ce2e\" data-element_type=\"widget\" data-e-type=\"widget\" data-widget_type=\"heading.default\">\n\t\t\t\t<div class=\"elementor-widget-container\">\n\t\t\t\t\t<h2 class=\"elementor-heading-title elementor-size-large\">O que pode ser adquirido?<\/h2>\t\t\t\t<\/div>\n\t\t\t\t<\/div>\n\t\t\t\t<div class=\"elementor-element elementor-element-18b4cbc elementor-widget elementor-widget-text-editor\" data-id=\"18b4cbc\" data-element_type=\"widget\" data-e-type=\"widget\" data-widget_type=\"text-editor.default\">\n\t\t\t\t<div class=\"elementor-widget-container\">\n\t\t\t\t\t\t\t\t\t<p>Diversos s\u00e3o os bens que podem ser adquiridos atrav\u00e9s do cons\u00f3rcio. Dentre eles podemos relacionar principalmente:<\/p><p>Para Voc\u00ea &amp; Para Empresa:<\/p><ul><li><span style=\"color: var( --e-global-color-secondary ); font-size: 1rem;\">Im\u00f3veis residenciais<\/span><\/li><li>Motos \u00e0 combust\u00e3o<\/li><li>Motos el\u00e9tricas<\/li><li>Triciclos<\/li><li>Carros \u00e0 combust\u00e3o<\/li><li>Carros el\u00e9tricos<\/li><li>Carros rurais<\/li><li>Maquin\u00e1rios industriais<\/li><li>Maquin\u00e1rios agr\u00edcolas<\/li><li>Barcos<\/li><li>Navios<\/li><li>Servi\u00e7os Pessoais (Ex.: Viagens, Formaturas)<\/li><li>Servi\u00e7os M\u00e9dicos<\/li><li>Servi\u00e7os Odontol\u00f3gicos<\/li><li>Servi\u00e7os Empresariais (Ex.: Capital de Giro)<\/li><li>Entre outros (<em>consulte todos os itens com os nossos assessores de cr\u00e9dito &#8211; <strong><a href=\"https:\/\/gigliotticorp.com.br\/consorcio\/contato\/\" target=\"_blank\" rel=\"noopener\">clique aqui<\/a><\/strong><\/em>)<\/li><\/ul>\t\t\t\t\t\t\t\t<\/div>\n\t\t\t\t<\/div>\n\t\t\t\t<div class=\"elementor-element elementor-element-c63799a elementor-widget elementor-widget-heading\" data-id=\"c63799a\" data-element_type=\"widget\" data-e-type=\"widget\" data-widget_type=\"heading.default\">\n\t\t\t\t<div class=\"elementor-widget-container\">\n\t\t\t\t\t<h2 class=\"elementor-heading-title elementor-size-large\">Classes<\/h2>\t\t\t\t<\/div>\n\t\t\t\t<\/div>\n\t\t\t\t<div class=\"elementor-element elementor-element-ba829ed elementor-widget elementor-widget-text-editor\" data-id=\"ba829ed\" data-element_type=\"widget\" data-e-type=\"widget\" data-widget_type=\"text-editor.default\">\n\t\t\t\t<div class=\"elementor-widget-container\">\n\t\t\t\t\t\t\t\t\t<ul><li>I- Cons\u00f3rcio \u00e9 um sistema que re\u00fane pessoas f\u00edsicas e\/ou jur\u00eddicas, em grupo fechado, promovido por uma administradora, com a finalidade de propiciar a seus integrantes a aquisi\u00e7\u00e3o de bem, conjunto de bens ou servi\u00e7os por meio de autofinanciamento.Como o objetivo do cons\u00f3rcio \u00e9 a aquisi\u00e7\u00e3o de bens e servi\u00e7os, n\u00e3o \u00e9 permitida a forma\u00e7\u00e3o dos cons\u00f3rcios de dinheiro.As administradoras s\u00e3o as empresas prestadoras de servi\u00e7os respons\u00e1veis pela forma\u00e7\u00e3o e administra\u00e7\u00e3o de grupos de cons\u00f3rcios. Desde mar\u00e7o de 1991, o Banco Central \u00e9 respons\u00e1vel pela autoriza\u00e7\u00e3o e fiscaliza\u00e7\u00e3o destas empresas que operam no pa\u00eds, bem como pela normatiza\u00e7\u00e3o de suas opera\u00e7\u00f5es.<\/li><li>II-Produtos eletroeletr\u00f4nicos e demais bens m\u00f3veis dur\u00e1veis ou conjunto de bens m\u00f3veis, nacionais ou importados, excetuados os referidos na Classe I.<\/li><li>III-Bens im\u00f3veis que poder\u00e3o ser residenciais, comerciais, rurais, constru\u00eddos ou na planta e terrenos, incluindo-se reforma e im\u00f3vel vinculado a empreendimento imobili\u00e1rio.<\/li><li>IV-Servi\u00e7o de qualquer natureza.<\/li><\/ul>\t\t\t\t\t\t\t\t<\/div>\n\t\t\t\t<\/div>\n\t\t\t\t<div class=\"elementor-element elementor-element-a53bdf6 elementor-widget elementor-widget-heading\" data-id=\"a53bdf6\" data-element_type=\"widget\" data-e-type=\"widget\" data-widget_type=\"heading.default\">\n\t\t\t\t<div class=\"elementor-widget-container\">\n\t\t\t\t\t<h2 class=\"elementor-heading-title elementor-size-large\">Como participar?<\/h2>\t\t\t\t<\/div>\n\t\t\t\t<\/div>\n\t\t\t\t<div class=\"elementor-element elementor-element-e9f6f3a elementor-widget elementor-widget-text-editor\" data-id=\"e9f6f3a\" data-element_type=\"widget\" data-e-type=\"widget\" data-widget_type=\"text-editor.default\">\n\t\t\t\t<div class=\"elementor-widget-container\">\n\t\t\t\t\t\t\t\t\t<p>O interessados pode aderir a um grupo de Cons\u00f3rcio de duas maneiras:<\/p>\t\t\t\t\t\t\t\t<\/div>\n\t\t\t\t<\/div>\n\t\t\t\t<div class=\"elementor-element elementor-element-c520995 elementor-widget elementor-widget-heading\" data-id=\"c520995\" data-element_type=\"widget\" data-e-type=\"widget\" data-widget_type=\"heading.default\">\n\t\t\t\t<div class=\"elementor-widget-container\">\n\t\t\t\t\t<h4 class=\"elementor-heading-title elementor-size-default\">1. Grupo em forma\u00e7\u00e3o<\/h4>\t\t\t\t<\/div>\n\t\t\t\t<\/div>\n\t\t\t\t<div class=\"elementor-element elementor-element-6ca700c elementor-widget elementor-widget-text-editor\" data-id=\"6ca700c\" data-element_type=\"widget\" data-e-type=\"widget\" data-widget_type=\"text-editor.default\">\n\t\t\t\t<div class=\"elementor-widget-container\">\n\t\t\t\t\t\t\t\t\t<p>Neste caso a administradora ainda est\u00e1 reunindo as pessoas em n\u00famero suficiente que permita atingir o objetivo do Cons\u00f3rcio, ou seja, contempla\u00e7\u00e3o de seus integrantes em prazo predeterminado.<\/p>\t\t\t\t\t\t\t\t<\/div>\n\t\t\t\t<\/div>\n\t\t\t\t<div class=\"elementor-element elementor-element-0db55bd elementor-widget elementor-widget-heading\" data-id=\"0db55bd\" data-element_type=\"widget\" data-e-type=\"widget\" data-widget_type=\"heading.default\">\n\t\t\t\t<div class=\"elementor-widget-container\">\n\t\t\t\t\t<h4 class=\"elementor-heading-title elementor-size-default\">2. Grupo j\u00e1 formado<\/h4>\t\t\t\t<\/div>\n\t\t\t\t<\/div>\n\t\t\t\t<div class=\"elementor-element elementor-element-1bcba4a elementor-widget elementor-widget-text-editor\" data-id=\"1bcba4a\" data-element_type=\"widget\" data-e-type=\"widget\" data-widget_type=\"text-editor.default\">\n\t\t\t\t<div class=\"elementor-widget-container\">\n\t\t\t\t\t\t\t\t\t<p>Grupo que j\u00e1 realizou a assembl\u00e9ia de constitui\u00e7\u00e3o, ou seja, j\u00e1 est\u00e1 operando. Neste caso, a ades\u00e3o envolve duas op\u00e7\u00f5es: cota vaga dispon\u00edvel \u00e0 comercializa\u00e7\u00e3o. A aquisi\u00e7\u00e3o da cota \u00e9 feita diretamente com a administradora. COTA DE TRANSFER\u00caNCIA (cess\u00e3o de contrato de participa\u00e7\u00e3o com a anu\u00eancia da administradora) &#8211; o interessado compra a cota diretamente do consorciado. Estar\u00e1 assumindo, portanto, integralmente os direitos e as obriga\u00e7\u00f5es do consorciado que est\u00e1 sendo substitu\u00eddo.<\/p>\t\t\t\t\t\t\t\t<\/div>\n\t\t\t\t<\/div>\n\t\t\t\t\t<\/div>\n\t\t<\/div>\n\t\t\t\t\t<\/div>\n\t\t<\/section>\n\t\t\t\t<section class=\"elementor-section elementor-top-section elementor-element elementor-element-2480143 elementor-section-boxed elementor-section-height-default elementor-section-height-default\" data-id=\"2480143\" data-element_type=\"section\" data-e-type=\"section\" data-settings=\"{&quot;background_background&quot;:&quot;classic&quot;}\">\n\t\t\t\t\t\t<div class=\"elementor-container elementor-column-gap-default\">\n\t\t\t\t\t<div class=\"elementor-column elementor-col-100 elementor-top-column elementor-element elementor-element-6266c7a\" data-id=\"6266c7a\" data-element_type=\"column\" data-e-type=\"column\">\n\t\t\t<div class=\"elementor-widget-wrap elementor-element-populated\">\n\t\t\t\t\t\t<div class=\"elementor-element elementor-element-0c7061f elementor-widget elementor-widget-heading\" data-id=\"0c7061f\" data-element_type=\"widget\" data-e-type=\"widget\" data-widget_type=\"heading.default\">\n\t\t\t\t<div class=\"elementor-widget-container\">\n\t\t\t\t\t<h2 class=\"elementor-heading-title elementor-size-large\">Como funciona o Cons\u00f3rcio?<\/h2>\t\t\t\t<\/div>\n\t\t\t\t<\/div>\n\t\t\t\t<section class=\"elementor-section elementor-inner-section elementor-element elementor-element-07e9289 elementor-section-boxed elementor-section-height-default elementor-section-height-default\" data-id=\"07e9289\" data-element_type=\"section\" data-e-type=\"section\">\n\t\t\t\t\t\t<div class=\"elementor-container elementor-column-gap-default\">\n\t\t\t\t\t<div class=\"elementor-column elementor-col-33 elementor-inner-column elementor-element elementor-element-047e5a4\" data-id=\"047e5a4\" data-element_type=\"column\" data-e-type=\"column\">\n\t\t\t<div class=\"elementor-widget-wrap elementor-element-populated\">\n\t\t\t\t\t\t<div class=\"elementor-element elementor-element-13e76f2 elementor-widget elementor-widget-text-editor\" data-id=\"13e76f2\" data-element_type=\"widget\" data-e-type=\"widget\" data-widget_type=\"text-editor.default\">\n\t\t\t\t<div class=\"elementor-widget-container\">\n\t\t\t\t\t\t\t\t\t<p>1 &#8211; Voc\u00ea escolhe o plano e bem que deseja e efetua a compra direto conosco ou atrav\u00e9s de um de nossos representantes.<\/p>\t\t\t\t\t\t\t\t<\/div>\n\t\t\t\t<\/div>\n\t\t\t\t\t<\/div>\n\t\t<\/div>\n\t\t\t\t<div class=\"elementor-column elementor-col-33 elementor-inner-column elementor-element elementor-element-14a2785\" data-id=\"14a2785\" data-element_type=\"column\" data-e-type=\"column\">\n\t\t\t<div class=\"elementor-widget-wrap elementor-element-populated\">\n\t\t\t\t\t\t<div class=\"elementor-element elementor-element-acface8 elementor-widget elementor-widget-text-editor\" data-id=\"acface8\" data-element_type=\"widget\" data-e-type=\"widget\" data-widget_type=\"text-editor.default\">\n\t\t\t\t<div class=\"elementor-widget-container\">\n\t\t\t\t\t\t\t\t\t<p>2 &#8211; Todo m\u00eas \u00e9 realizada uma assembleia e voc\u00ea tem a chance de ser contemplado, seja atrav\u00e9s de lances ou sorteio.<\/p>\t\t\t\t\t\t\t\t<\/div>\n\t\t\t\t<\/div>\n\t\t\t\t\t<\/div>\n\t\t<\/div>\n\t\t\t\t<div class=\"elementor-column elementor-col-33 elementor-inner-column elementor-element elementor-element-10e8b1b\" data-id=\"10e8b1b\" data-element_type=\"column\" data-e-type=\"column\">\n\t\t\t<div class=\"elementor-widget-wrap elementor-element-populated\">\n\t\t\t\t\t\t<div class=\"elementor-element elementor-element-82f0feb elementor-widget elementor-widget-text-editor\" data-id=\"82f0feb\" data-element_type=\"widget\" data-e-type=\"widget\" data-widget_type=\"text-editor.default\">\n\t\t\t\t<div class=\"elementor-widget-container\">\n\t\t\t\t\t\t\t\t\t3 &#8211; Os contemplados podem adquirir o bem diretamente com o fornecedor de sua prefer\u00eancia, continuando a pagar normalmente suas parcelas at\u00e9 a quita\u00e7\u00e3o do plano.\t\t\t\t\t\t\t\t<\/div>\n\t\t\t\t<\/div>\n\t\t\t\t\t<\/div>\n\t\t<\/div>\n\t\t\t\t\t<\/div>\n\t\t<\/section>\n\t\t\t\t\t<\/div>\n\t\t<\/div>\n\t\t\t\t\t<\/div>\n\t\t<\/section>\n\t\t\t\t<\/div>\n\t\t","protected":false},"excerpt":{"rendered":"<p>O que \u00e9 Cons\u00f3rcio? Cons\u00f3rcio \u00e9 um sistema que re\u00fane pessoas f\u00edsicas e\/ou jur\u00eddicas, em grupo fechado, promovido por uma administradora, com a finalidade de propiciar a seus integrantes a aquisi\u00e7\u00e3o de bem, conjunto de bens ou servi\u00e7os por meio de autofinanciamento. Como o objetivo do cons\u00f3rcio \u00e9 a aquisi\u00e7\u00e3o de bens e servi\u00e7os, n\u00e3o [&hellip;]<\/p>\n","protected":false},"author":1,"featured_media":0,"parent":0,"menu_order":0,"comment_status":"closed","ping_status":"closed","template":"","meta":{"_eb_attr":"","content-type":"","_monsterinsights_skip_tracking":false,"_monsterinsights_sitenote_active":false,"_monsterinsights_sitenote_note":"","_monsterinsights_sitenote_category":0,"_joinchat":[],"footnotes":""},"class_list":["post-337","page","type-page","status-publish","hentry"],"aioseo_notices":[],"yoast_head":"<!-- This site is optimized with the Yoast SEO plugin v27.5 - https:\/\/yoast.com\/product\/yoast-seo-wordpress\/ -->\n<title>O que \u00e9 cons\u00f3rcio? - Gigliotti Corp - Neg\u00f3cios &amp; Finan\u00e7as<\/title>\n<meta name=\"robots\" content=\"index, follow, max-snippet:-1, max-image-preview:large, max-video-preview:-1\" \/>\n<link rel=\"canonical\" href=\"https:\/\/gigliotticorp.com.br\/consorcio\/?page_id=337\" \/>\n<meta property=\"og:locale\" content=\"pt_BR\" \/>\n<meta property=\"og:type\" content=\"article\" \/>\n<meta property=\"og:title\" content=\"O que \u00e9 cons\u00f3rcio? - Gigliotti Corp - Neg\u00f3cios &amp; Finan\u00e7as\" \/>\n<meta property=\"og:description\" content=\"O que \u00e9 Cons\u00f3rcio? Cons\u00f3rcio \u00e9 um sistema que re\u00fane pessoas f\u00edsicas e\/ou jur\u00eddicas, em grupo fechado, promovido por uma administradora, com a finalidade de propiciar a seus integrantes a aquisi\u00e7\u00e3o de bem, conjunto de bens ou servi\u00e7os por meio de autofinanciamento. Como o objetivo do cons\u00f3rcio \u00e9 a aquisi\u00e7\u00e3o de bens e servi\u00e7os, n\u00e3o [&hellip;]\" \/>\n<meta property=\"og:url\" content=\"https:\/\/gigliotticorp.com.br\/consorcio\/?page_id=337\" \/>\n<meta property=\"og:site_name\" content=\"Gigliotti Corp - Neg\u00f3cios &amp; Finan\u00e7as\" \/>\n<meta property=\"article:modified_time\" content=\"2023-04-30T18:42:15+00:00\" \/>\n<meta name=\"twitter:card\" content=\"summary_large_image\" \/>\n<meta name=\"twitter:label1\" content=\"Est. tempo de leitura\" \/>\n\t<meta name=\"twitter:data1\" content=\"3 minutos\" \/>\n<script type=\"application\/ld+json\" class=\"yoast-schema-graph\">{\"@context\":\"https:\\\/\\\/schema.org\",\"@graph\":[{\"@type\":\"WebPage\",\"@id\":\"https:\\\/\\\/gigliotticorp.com.br\\\/consorcio\\\/?page_id=337\",\"url\":\"https:\\\/\\\/gigliotticorp.com.br\\\/consorcio\\\/?page_id=337\",\"name\":\"O que \u00e9 cons\u00f3rcio? - Gigliotti Corp - Neg\u00f3cios &amp; Finan\u00e7as\",\"isPartOf\":{\"@id\":\"https:\\\/\\\/gigliotticorp.com.br\\\/consorcio\\\/#website\"},\"datePublished\":\"2023-04-13T02:52:03+00:00\",\"dateModified\":\"2023-04-30T18:42:15+00:00\",\"breadcrumb\":{\"@id\":\"https:\\\/\\\/gigliotticorp.com.br\\\/consorcio\\\/?page_id=337#breadcrumb\"},\"inLanguage\":\"pt-BR\",\"potentialAction\":[{\"@type\":\"ReadAction\",\"target\":[\"https:\\\/\\\/gigliotticorp.com.br\\\/consorcio\\\/?page_id=337\"]}]},{\"@type\":\"BreadcrumbList\",\"@id\":\"https:\\\/\\\/gigliotticorp.com.br\\\/consorcio\\\/?page_id=337#breadcrumb\",\"itemListElement\":[{\"@type\":\"ListItem\",\"position\":1,\"name\":\"In\u00edcio\",\"item\":\"https:\\\/\\\/gigliotticorp.com.br\\\/consorcio\\\/\"},{\"@type\":\"ListItem\",\"position\":2,\"name\":\"O que \u00e9 cons\u00f3rcio?\"}]},{\"@type\":\"WebSite\",\"@id\":\"https:\\\/\\\/gigliotticorp.com.br\\\/consorcio\\\/#website\",\"url\":\"https:\\\/\\\/gigliotticorp.com.br\\\/consorcio\\\/\",\"name\":\"Gigliotti Corp - Neg\u00f3cios &amp; Finan\u00e7as\",\"description\":\"O lugar certo para planejar os seus sonhos\",\"publisher\":{\"@id\":\"https:\\\/\\\/gigliotticorp.com.br\\\/consorcio\\\/#organization\"},\"potentialAction\":[{\"@type\":\"SearchAction\",\"target\":{\"@type\":\"EntryPoint\",\"urlTemplate\":\"https:\\\/\\\/gigliotticorp.com.br\\\/consorcio\\\/?s={search_term_string}\"},\"query-input\":{\"@type\":\"PropertyValueSpecification\",\"valueRequired\":true,\"valueName\":\"search_term_string\"}}],\"inLanguage\":\"pt-BR\"},{\"@type\":\"Organization\",\"@id\":\"https:\\\/\\\/gigliotticorp.com.br\\\/consorcio\\\/#organization\",\"name\":\"Gigliotti Corp - Neg\u00f3cios &amp; Finan\u00e7as\",\"url\":\"https:\\\/\\\/gigliotticorp.com.br\\\/consorcio\\\/\",\"logo\":{\"@type\":\"ImageObject\",\"inLanguage\":\"pt-BR\",\"@id\":\"https:\\\/\\\/gigliotticorp.com.br\\\/consorcio\\\/#\\\/schema\\\/logo\\\/image\\\/\",\"url\":\"https:\\\/\\\/gigliotticorp.com.br\\\/consorcio\\\/wp-content\\\/uploads\\\/2023\\\/04\\\/cropped-logo_prancheta-4.png\",\"contentUrl\":\"https:\\\/\\\/gigliotticorp.com.br\\\/consorcio\\\/wp-content\\\/uploads\\\/2023\\\/04\\\/cropped-logo_prancheta-4.png\",\"width\":1071,\"height\":306,\"caption\":\"Gigliotti Corp - Neg\u00f3cios &amp; Finan\u00e7as\"},\"image\":{\"@id\":\"https:\\\/\\\/gigliotticorp.com.br\\\/consorcio\\\/#\\\/schema\\\/logo\\\/image\\\/\"}}]}<\/script>\n<!-- \/ Yoast SEO plugin. -->","yoast_head_json":{"title":"O que \u00e9 cons\u00f3rcio? - Gigliotti Corp - Neg\u00f3cios &amp; Finan\u00e7as","robots":{"index":"index","follow":"follow","max-snippet":"max-snippet:-1","max-image-preview":"max-image-preview:large","max-video-preview":"max-video-preview:-1"},"canonical":"https:\/\/gigliotticorp.com.br\/consorcio\/?page_id=337","og_locale":"pt_BR","og_type":"article","og_title":"O que \u00e9 cons\u00f3rcio? - Gigliotti Corp - Neg\u00f3cios &amp; Finan\u00e7as","og_description":"O que \u00e9 Cons\u00f3rcio? Cons\u00f3rcio \u00e9 um sistema que re\u00fane pessoas f\u00edsicas e\/ou jur\u00eddicas, em grupo fechado, promovido por uma administradora, com a finalidade de propiciar a seus integrantes a aquisi\u00e7\u00e3o de bem, conjunto de bens ou servi\u00e7os por meio de autofinanciamento. Como o objetivo do cons\u00f3rcio \u00e9 a aquisi\u00e7\u00e3o de bens e servi\u00e7os, n\u00e3o [&hellip;]","og_url":"https:\/\/gigliotticorp.com.br\/consorcio\/?page_id=337","og_site_name":"Gigliotti Corp - Neg\u00f3cios &amp; Finan\u00e7as","article_modified_time":"2023-04-30T18:42:15+00:00","twitter_card":"summary_large_image","twitter_misc":{"Est. tempo de leitura":"3 minutos"},"schema":{"@context":"https:\/\/schema.org","@graph":[{"@type":"WebPage","@id":"https:\/\/gigliotticorp.com.br\/consorcio\/?page_id=337","url":"https:\/\/gigliotticorp.com.br\/consorcio\/?page_id=337","name":"O que \u00e9 cons\u00f3rcio? - Gigliotti Corp - Neg\u00f3cios &amp; Finan\u00e7as","isPartOf":{"@id":"https:\/\/gigliotticorp.com.br\/consorcio\/#website"},"datePublished":"2023-04-13T02:52:03+00:00","dateModified":"2023-04-30T18:42:15+00:00","breadcrumb":{"@id":"https:\/\/gigliotticorp.com.br\/consorcio\/?page_id=337#breadcrumb"},"inLanguage":"pt-BR","potentialAction":[{"@type":"ReadAction","target":["https:\/\/gigliotticorp.com.br\/consorcio\/?page_id=337"]}]},{"@type":"BreadcrumbList","@id":"https:\/\/gigliotticorp.com.br\/consorcio\/?page_id=337#breadcrumb","itemListElement":[{"@type":"ListItem","position":1,"name":"In\u00edcio","item":"https:\/\/gigliotticorp.com.br\/consorcio\/"},{"@type":"ListItem","position":2,"name":"O que \u00e9 cons\u00f3rcio?"}]},{"@type":"WebSite","@id":"https:\/\/gigliotticorp.com.br\/consorcio\/#website","url":"https:\/\/gigliotticorp.com.br\/consorcio\/","name":"Gigliotti Corp - Neg\u00f3cios &amp; Finan\u00e7as","description":"O lugar certo para planejar os seus sonhos","publisher":{"@id":"https:\/\/gigliotticorp.com.br\/consorcio\/#organization"},"potentialAction":[{"@type":"SearchAction","target":{"@type":"EntryPoint","urlTemplate":"https:\/\/gigliotticorp.com.br\/consorcio\/?s={search_term_string}"},"query-input":{"@type":"PropertyValueSpecification","valueRequired":true,"valueName":"search_term_string"}}],"inLanguage":"pt-BR"},{"@type":"Organization","@id":"https:\/\/gigliotticorp.com.br\/consorcio\/#organization","name":"Gigliotti Corp - Neg\u00f3cios &amp; Finan\u00e7as","url":"https:\/\/gigliotticorp.com.br\/consorcio\/","logo":{"@type":"ImageObject","inLanguage":"pt-BR","@id":"https:\/\/gigliotticorp.com.br\/consorcio\/#\/schema\/logo\/image\/","url":"https:\/\/gigliotticorp.com.br\/consorcio\/wp-content\/uploads\/2023\/04\/cropped-logo_prancheta-4.png","contentUrl":"https:\/\/gigliotticorp.com.br\/consorcio\/wp-content\/uploads\/2023\/04\/cropped-logo_prancheta-4.png","width":1071,"height":306,"caption":"Gigliotti Corp - Neg\u00f3cios &amp; Finan\u00e7as"},"image":{"@id":"https:\/\/gigliotticorp.com.br\/consorcio\/#\/schema\/logo\/image\/"}}]}},"_links":{"self":[{"href":"https:\/\/gigliotticorp.com.br\/consorcio\/index.php?rest_route=\/wp\/v2\/pages\/337","targetHints":{"allow":["GET"]}}],"collection":[{"href":"https:\/\/gigliotticorp.com.br\/consorcio\/index.php?rest_route=\/wp\/v2\/pages"}],"about":[{"href":"https:\/\/gigliotticorp.com.br\/consorcio\/index.php?rest_route=\/wp\/v2\/types\/page"}],"author":[{"embeddable":true,"href":"https:\/\/gigliotticorp.com.br\/consorcio\/index.php?rest_route=\/wp\/v2\/users\/1"}],"replies":[{"embeddable":true,"href":"https:\/\/gigliotticorp.com.br\/consorcio\/index.php?rest_route=%2Fwp%2Fv2%2Fcomments&post=337"}],"version-history":[{"count":31,"href":"https:\/\/gigliotticorp.com.br\/consorcio\/index.php?rest_route=\/wp\/v2\/pages\/337\/revisions"}],"predecessor-version":[{"id":958,"href":"https:\/\/gigliotticorp.com.br\/consorcio\/index.php?rest_route=\/wp\/v2\/pages\/337\/revisions\/958"}],"wp:attachment":[{"href":"https:\/\/gigliotticorp.com.br\/consorcio\/index.php?rest_route=%2Fwp%2Fv2%2Fmedia&parent=337"}],"curies":[{"name":"wp","href":"https:\/\/api.w.org\/{rel}","templated":true}]}}